{"id":241,"date":"2024-05-23T14:25:18","date_gmt":"2024-05-23T17:25:18","guid":{"rendered":"https:\/\/pampaequipment.com\/?post_type=product&#038;p=241"},"modified":"2025-08-08T12:38:51","modified_gmt":"2025-08-08T15:38:51","slug":"laboratorio-completo-para-fisica-de-suelos-caracteristicas-hidricas-y-curvas-de-retencion-hidrica","status":"publish","type":"product","link":"https:\/\/pampaequipment.com\/en\/product\/laboratorio-completo-para-fisica-de-suelos-caracteristicas-hidricas-y-curvas-de-retencion-hidrica\/","title":{"rendered":"Laboratorio Completo para F\u00edsica de Suelos (caracter\u00edsticas h\u00eddricas y curvas de retenci\u00f3n h\u00eddrica)"},"content":{"rendered":"","protected":false},"excerpt":{"rendered":"<p>Laboratorio Completo SOILMOISTURE para F\u00edsica de Suelos (caracter\u00edsticas h\u00eddricas y curvas de retenci\u00f3n h\u00eddrica). Seteos simples y compuestos de variadas opciones seg\u00fan las necesidades del cliente<\/p>","protected":false},"featured_media":240,"comment_status":"open","ping_status":"closed","template":"","meta":[],"product_brand":[],"product_cat":[10,30],"product_tag":[],"class_list":{"0":"post-241","1":"product","2":"type-product","3":"status-publish","4":"has-post-thumbnail","6":"product_cat-fisica-de-suelos","7":"product_cat-laboratorio-de-suelos","9":"first","10":"instock","11":"shipping-taxable","12":"product-type-simple"},"_links":{"self":[{"href":"https:\/\/pampaequipment.com\/en\/wp-json\/wp\/v2\/product\/241","targetHints":{"allow":["GET"]}}],"collection":[{"href":"https:\/\/pampaequipment.com\/en\/wp-json\/wp\/v2\/product"}],"about":[{"href":"https:\/\/pampaequipment.com\/en\/wp-json\/wp\/v2\/types\/product"}],"replies":[{"embeddable":true,"href":"https:\/\/pampaequipment.com\/en\/wp-json\/wp\/v2\/comments?post=241"}],"wp:featuredmedia":[{"embeddable":true,"href":"https:\/\/pampaequipment.com\/en\/wp-json\/wp\/v2\/media\/240"}],"wp:attachment":[{"href":"https:\/\/pampaequipment.com\/en\/wp-json\/wp\/v2\/media?parent=241"}],"wp:term":[{"taxonomy":"product_brand","embeddable":true,"href":"https:\/\/pampaequipment.com\/en\/wp-json\/wp\/v2\/product_brand?post=241"},{"taxonomy":"product_cat","embeddable":true,"href":"https:\/\/pampaequipment.com\/en\/wp-json\/wp\/v2\/product_cat?post=241"},{"taxonomy":"product_tag","embeddable":true,"href":"https:\/\/pampaequipment.com\/en\/wp-json\/wp\/v2\/product_tag?post=241"}],"curies":[{"name":"wp","href":"https:\/\/api.w.org\/{rel}","templated":true}]}}